{"id":66,"date":"2019-11-07T12:03:38","date_gmt":"2019-11-07T11:03:38","guid":{"rendered":"https:\/\/www.logisticssthlm.se\/?page_id=66"},"modified":"2026-04-24T14:56:01","modified_gmt":"2026-04-24T12:56:01","slug":"om-oss","status":"publish","type":"page","link":"https:\/\/www.logisticssthlm.se\/sv\/om-oss\/","title":{"rendered":"Om oss"},"content":{"rendered":"\t\t<div data-elementor-type=\"wp-post\" data-elementor-id=\"66\" class=\"elementor elementor-66\" data-elementor-post-type=\"page\">\n\t\t\t\t\t\t<section class=\"elementor-section elementor-top-section elementor-element elementor-element-f09cfa5 elementor-reverse-mobile elementor-section-boxed elementor-section-height-default elementor-section-height-default\" data-id=\"f09cfa5\" data-element_type=\"section\" data-settings=\"{&quot;background_background&quot;:&quot;classic&quot;}\">\n\t\t\t\t\t\t\t<div class=\"elementor-background-overlay\"><\/div>\n\t\t\t\t\t\t\t<div class=\"elementor-container elementor-column-gap-default\">\n\t\t\t\t\t<div class=\"elementor-column elementor-col-50 elementor-top-column elementor-element elementor-element-15269ea\" data-id=\"15269ea\" data-element_type=\"column\">\n\t\t\t<div class=\"elementor-widget-wrap elementor-element-populated\">\n\t\t\t\t\t\t<div class=\"elementor-element elementor-element-33fdd71 elementor-widget elementor-widget-heading\" data-id=\"33fdd71\" data-element_type=\"widget\" data-widget_type=\"heading.default\">\n\t\t\t\t<div class=\"elementor-widget-container\">\n\t\t\t\t\t<h1 class=\"elementor-heading-title elementor-size-default\">Om Logistics &amp; Automation <\/h1>\t\t\t\t<\/div>\n\t\t\t\t<\/div>\n\t\t\t\t<div class=\"elementor-element elementor-element-40975ac elementor-widget elementor-widget-heading\" data-id=\"40975ac\" data-element_type=\"widget\" data-widget_type=\"heading.default\">\n\t\t\t\t<div class=\"elementor-widget-container\">\n\t\t\t\t\t<h2 class=\"elementor-heading-title elementor-size-default\">Logistik i framkant <\/h2>\t\t\t\t<\/div>\n\t\t\t\t<\/div>\n\t\t\t\t<div class=\"elementor-element elementor-element-4136a86 elementor-widget elementor-widget-text-editor\" data-id=\"4136a86\" data-element_type=\"widget\" data-widget_type=\"text-editor.default\">\n\t\t\t\t<div class=\"elementor-widget-container\">\n\t\t\t\t\t\t\t\t\t<p>Logistics &amp; Automation \u00e4r m\u00f6tesplatsen d\u00e4r Sveriges logistiker m\u00f6ts f\u00f6r att inspireras och skapa aff\u00e4rer i en snabbt f\u00f6r\u00e4nderlig bransch, d\u00e4r innovationer, leverant\u00f6rer och nya akt\u00f6rer samlas i en framtidsinriktad milj\u00f6. Ett starkt seminarieprogram lyfter de viktigaste fr\u00e5gorna f\u00f6r framtidens logistik.<\/p>\t\t\t\t\t\t\t\t<\/div>\n\t\t\t\t<\/div>\n\t\t\t\t\t<\/div>\n\t\t<\/div>\n\t\t\t\t<div class=\"elementor-column elementor-col-50 elementor-top-column elementor-element elementor-element-ebe8a6f\" data-id=\"ebe8a6f\" data-element_type=\"column\">\n\t\t\t<div class=\"elementor-widget-wrap elementor-element-populated\">\n\t\t\t\t\t\t<div class=\"elementor-element elementor-element-163337c elementor-widget elementor-widget-image\" data-id=\"163337c\" data-element_type=\"widget\" data-widget_type=\"image.default\">\n\t\t\t\t<div class=\"elementor-widget-container\">\n\t\t\t\t\t\t\t\t\t\t\t\t\t\t\t<img fetchpriority=\"high\" decoding=\"async\" width=\"800\" height=\"450\" src=\"https:\/\/easyfairsassets.com\/sites\/134\/2026\/04\/Namnlos-design-67-1024x576.png\" class=\"attachment-large size-large wp-image-20864\" alt=\"\" srcset=\"https:\/\/easyfairsassets.com\/sites\/134\/2026\/04\/Namnlos-design-67-1024x576.png 1024w, https:\/\/easyfairsassets.com\/sites\/134\/2026\/04\/Namnlos-design-67-300x169.png 300w, https:\/\/easyfairsassets.com\/sites\/134\/2026\/04\/Namnlos-design-67-768x432.png 768w, https:\/\/easyfairsassets.com\/sites\/134\/2026\/04\/Namnlos-design-67-1536x864.png 1536w, https:\/\/easyfairsassets.com\/sites\/134\/2026\/04\/Namnlos-design-67.png 1920w\" sizes=\"(max-width: 800px) 100vw, 800px\" \/>\t\t\t\t\t\t\t\t\t\t\t\t\t\t\t<\/div>\n\t\t\t\t<\/div>\n\t\t\t\t\t<\/div>\n\t\t<\/div>\n\t\t\t\t\t<\/div>\n\t\t<\/section>\n\t\t\t\t<section class=\"elementor-section elementor-top-section elementor-element elementor-element-113a81e elementor-section-content-middle elementor-section-full_width elementor-section-height-default elementor-section-height-default\" data-id=\"113a81e\" data-element_type=\"section\" data-settings=\"{&quot;background_background&quot;:&quot;classic&quot;}\">\n\t\t\t\t\t\t<div class=\"elementor-container elementor-column-gap-no\">\n\t\t\t\t\t<div class=\"elementor-column elementor-col-100 elementor-top-column elementor-element elementor-element-86e0493\" data-id=\"86e0493\" data-element_type=\"column\">\n\t\t\t<div class=\"elementor-widget-wrap elementor-element-populated\">\n\t\t\t\t\t\t<div class=\"elementor-element elementor-element-0d28b62 elementor-widget elementor-widget-spacer\" data-id=\"0d28b62\" data-element_type=\"widget\" data-widget_type=\"spacer.default\">\n\t\t\t\t<div class=\"elementor-widget-container\">\n\t\t\t\t\t\t\t<div class=\"elementor-spacer\">\n\t\t\t<div class=\"elementor-spacer-inner\"><\/div>\n\t\t<\/div>\n\t\t\t\t\t\t<\/div>\n\t\t\t\t<\/div>\n\t\t\t\t\t<\/div>\n\t\t<\/div>\n\t\t\t\t\t<\/div>\n\t\t<\/section>\n\t\t\t\t<section class=\"elementor-section elementor-top-section elementor-element elementor-element-56128aa elementor-section-full_width elementor-reverse-mobile elementor-section-height-default elementor-section-height-default\" data-id=\"56128aa\" data-element_type=\"section\">\n\t\t\t\t\t\t<div class=\"elementor-container elementor-column-gap-default\">\n\t\t\t\t\t<div class=\"elementor-column elementor-col-50 elementor-top-column elementor-element elementor-element-1d44ca8\" data-id=\"1d44ca8\" data-element_type=\"column\">\n\t\t\t<div class=\"elementor-widget-wrap elementor-element-populated\">\n\t\t\t\t\t\t<div class=\"elementor-element elementor-element-4042181 elementor-widget elementor-widget-heading\" data-id=\"4042181\" data-element_type=\"widget\" data-widget_type=\"heading.default\">\n\t\t\t\t<div class=\"elementor-widget-container\">\n\t\t\t\t\t<h2 class=\"elementor-heading-title elementor-size-default\">Internationell pr\u00e4gel f\u00f6r globala m\u00f6jligheter <\/h2>\t\t\t\t<\/div>\n\t\t\t\t<\/div>\n\t\t\t\t<div class=\"elementor-element elementor-element-582b3c0 elementor-widget elementor-widget-text-editor\" data-id=\"582b3c0\" data-element_type=\"widget\" data-widget_type=\"text-editor.default\">\n\t\t\t\t<div class=\"elementor-widget-container\">\n\t\t\t\t\t\t\t\t\t<p>Logistics &amp; Automation har en stark internationell n\u00e4rvaro, med systerm\u00e4ssor i l\u00e4nder som Tyskland, Schweiz, Spanien och Portugal. Denna globala pr\u00e4gel skapar unika m\u00f6jligheter f\u00f6r n\u00e4tverkande och kunskapsutbyte \u00f6ver landsgr\u00e4nser. Bes\u00f6kare f\u00e5r en inblick i de senaste trenderna och l\u00f6sningarna fr\u00e5n internationella marknader, vilket hj\u00e4lper svenska f\u00f6retag att ligga steget f\u00f6re i den globala konkurrensen.<br \/><br \/>\u00c4ven p\u00e5 m\u00e4ssgolvet finner vi den internationella pr\u00e4geln med utst\u00e4llare fr\u00e5n 10 l\u00e4nder. ledande akt\u00f6rer fr\u00e5n Frankrike, Tyskland, Italien, Nederl\u00e4nderna och m\u00e5nga fler. Du f\u00e5r ta del av det b\u00e4sta inom internationell kunskap och l\u00e5t dig inspireras av v\u00e4rldens fr\u00e4msta logistikl\u00f6sningar.<\/p>\t\t\t\t\t\t\t\t<\/div>\n\t\t\t\t<\/div>\n\t\t\t\t\t<\/div>\n\t\t<\/div>\n\t\t\t\t<div class=\"elementor-column elementor-col-50 elementor-top-column elementor-element elementor-element-d34efd9\" data-id=\"d34efd9\" data-element_type=\"column\" data-settings=\"{&quot;background_background&quot;:&quot;classic&quot;}\">\n\t\t\t<div class=\"elementor-widget-wrap elementor-element-populated\">\n\t\t\t\t\t\t<div class=\"elementor-element elementor-element-ce04488 elementor-widget elementor-widget-spacer\" data-id=\"ce04488\" data-element_type=\"widget\" data-widget_type=\"spacer.default\">\n\t\t\t\t<div class=\"elementor-widget-container\">\n\t\t\t\t\t\t\t<div class=\"elementor-spacer\">\n\t\t\t<div class=\"elementor-spacer-inner\"><\/div>\n\t\t<\/div>\n\t\t\t\t\t\t<\/div>\n\t\t\t\t<\/div>\n\t\t\t\t\t<\/div>\n\t\t<\/div>\n\t\t\t\t\t<\/div>\n\t\t<\/section>\n\t\t\t\t<section class=\"elementor-section elementor-top-section elementor-element elementor-element-a301300 elementor-section-full_width elementor-section-height-default elementor-section-height-default\" data-id=\"a301300\" data-element_type=\"section\">\n\t\t\t\t\t\t<div class=\"elementor-container elementor-column-gap-default\">\n\t\t\t\t\t<div class=\"elementor-column elementor-col-50 elementor-top-column elementor-element elementor-element-bb96dbf\" data-id=\"bb96dbf\" data-element_type=\"column\" data-settings=\"{&quot;background_background&quot;:&quot;classic&quot;}\">\n\t\t\t<div class=\"elementor-widget-wrap elementor-element-populated\">\n\t\t\t\t\t\t<div class=\"elementor-element elementor-element-5af9686 elementor-widget elementor-widget-spacer\" data-id=\"5af9686\" data-element_type=\"widget\" data-widget_type=\"spacer.default\">\n\t\t\t\t<div class=\"elementor-widget-container\">\n\t\t\t\t\t\t\t<div class=\"elementor-spacer\">\n\t\t\t<div class=\"elementor-spacer-inner\"><\/div>\n\t\t<\/div>\n\t\t\t\t\t\t<\/div>\n\t\t\t\t<\/div>\n\t\t\t\t\t<\/div>\n\t\t<\/div>\n\t\t\t\t<div class=\"elementor-column elementor-col-50 elementor-top-column elementor-element elementor-element-3bad6c7\" data-id=\"3bad6c7\" data-element_type=\"column\">\n\t\t\t<div class=\"elementor-widget-wrap elementor-element-populated\">\n\t\t\t\t\t\t<div class=\"elementor-element elementor-element-dfbee57 elementor-widget elementor-widget-heading\" data-id=\"dfbee57\" data-element_type=\"widget\" data-widget_type=\"heading.default\">\n\t\t\t\t<div class=\"elementor-widget-container\">\n\t\t\t\t\t<h3 class=\"elementor-heading-title elementor-size-default\">H\u00e5llbarhet i fokus<\/h3>\t\t\t\t<\/div>\n\t\t\t\t<\/div>\n\t\t\t\t<div class=\"elementor-element elementor-element-561d8d9 elementor-widget elementor-widget-heading\" data-id=\"561d8d9\" data-element_type=\"widget\" data-widget_type=\"heading.default\">\n\t\t\t\t<div class=\"elementor-widget-container\">\n\t\t\t\t\t<h2 class=\"elementor-heading-title elementor-size-default\">F\u00f6r en gr\u00f6nare framtid <\/h2>\t\t\t\t<\/div>\n\t\t\t\t<\/div>\n\t\t\t\t<div class=\"elementor-element elementor-element-117650f elementor-widget elementor-widget-text-editor\" data-id=\"117650f\" data-element_type=\"widget\" data-widget_type=\"text-editor.default\">\n\t\t\t\t<div class=\"elementor-widget-container\">\n\t\t\t\t\t\t\t\t\t<p>H\u00e5llbarhet \u00e4r k\u00e4rnan i Logistics &amp; Automation och genomsyrar b\u00e5de inneh\u00e5ll och arrangemang. Easyfairs Nordic AB, som st\u00e5r bakom m\u00e4ssan, har sedan januari 2023 varit diplomerade enligt Svensk Milj\u00f6bas och har l\u00e4nge arbetat systematiskt med milj\u00f6fr\u00e5gor. Detta engagemang m\u00e4rks tydligt p\u00e5 m\u00e4ssan \u2013 fr\u00e5n seminarier som lyfter h\u00e5llbar logistik och innovativa l\u00f6sningar till utst\u00e4llare som visar upp gr\u00f6na teknologier och produkter. Som arrang\u00f6r prioriterar Easyfairs att skapa en m\u00f6tesplats som inte bara \u00e4r fram\u00e5tblickande, utan ocks\u00e5 ansvarstagande.<br \/><br \/><strong>V\u00e4lkommen till Logistics &amp; Automation \u2013 d\u00e4r framtidens logistik formas i en h\u00e5llbar, global och innovativ milj\u00f6!<\/strong><\/p>\t\t\t\t\t\t\t\t<\/div>\n\t\t\t\t<\/div>\n\t\t\t\t\t<\/div>\n\t\t<\/div>\n\t\t\t\t\t<\/div>\n\t\t<\/section>\n\t\t\t\t<\/div>\n\t\t","protected":false},"excerpt":{"rendered":"<p>Om Logistics &amp; Automation Logistik i framkant Logistics &amp; Automation \u00e4r m\u00f6tesplatsen d\u00e4r Sveriges logistiker m\u00f6ts f\u00f6r att inspireras och skapa aff\u00e4rer i en snabbt f\u00f6r\u00e4nderlig bransch, d\u00e4r innovationer, leverant\u00f6rer och nya akt\u00f6rer samlas i en framtidsinriktad milj\u00f6. Ett starkt seminarieprogram lyfter de viktigaste fr\u00e5gorna f\u00f6r framtidens logistik. Internationell pr\u00e4gel f\u00f6r globala m\u00f6jligheter Logistics &amp; [&hellip;]<\/p>\n","protected":false},"author":16,"featured_media":0,"parent":0,"menu_order":0,"comment_status":"closed","ping_status":"closed","template":"","meta":{"_seopress_robots_primary_cat":"","_seopress_titles_title":"Om oss | Logistics & Automation | Stockholm","_seopress_titles_desc":"Logistics & automation \u00e4r den nya moderna m\u00f6tesplatsen f\u00f6r allt som r\u00f6r logistik & automation. M\u00e4ssan f\u00f6r att b\u00e4st m\u00f6ta logistikbranschens nya behov.","_seopress_robots_index":"","footnotes":""},"class_list":["post-66","page","type-page","status-publish","hentry"],"_links":{"self":[{"href":"https:\/\/www.logisticssthlm.se\/sv\/wp-json\/wp\/v2\/pages\/66","targetHints":{"allow":["GET"]}}],"collection":[{"href":"https:\/\/www.logisticssthlm.se\/sv\/wp-json\/wp\/v2\/pages"}],"about":[{"href":"https:\/\/www.logisticssthlm.se\/sv\/wp-json\/wp\/v2\/types\/page"}],"author":[{"embeddable":true,"href":"https:\/\/www.logisticssthlm.se\/sv\/wp-json\/wp\/v2\/users\/16"}],"replies":[{"embeddable":true,"href":"https:\/\/www.logisticssthlm.se\/sv\/wp-json\/wp\/v2\/comments?post=66"}],"version-history":[{"count":5,"href":"https:\/\/www.logisticssthlm.se\/sv\/wp-json\/wp\/v2\/pages\/66\/revisions"}],"predecessor-version":[{"id":20868,"href":"https:\/\/www.logisticssthlm.se\/sv\/wp-json\/wp\/v2\/pages\/66\/revisions\/20868"}],"wp:attachment":[{"href":"https:\/\/www.logisticssthlm.se\/sv\/wp-json\/wp\/v2\/media?parent=66"}],"curies":[{"name":"wp","href":"https:\/\/api.w.org\/{rel}","templated":true}]}}